{"id":2,"date":"2018-12-21T15:32:45","date_gmt":"2018-12-21T15:32:45","guid":{"rendered":"https:\/\/www.hcsth.com\/?page_id=2"},"modified":"2024-10-28T18:26:42","modified_gmt":"2024-10-28T16:26:42","slug":"homepage-vorlage","status":"publish","type":"page","link":"https:\/\/www.hcsth.com\/de\/","title":{"rendered":"Harrison CST Holding Home"},"content":{"rendered":"<h1>\n\t\tIhr Partner f\u00fcr pharmazeutische Innovation\n\t<\/h1>\n\t<p>Ma\u00dfgeschneiderte L\u00f6sungen f\u00fcr Ihre Herausforderungen in der pharmazeutischen Entwicklung<\/p>\n\t\t\t\t\t\t<h4>\n\t\t\t\t<a href=\"https:\/\/www.hcsth.com\/22-nov-2024\/\" title=\"22 Nov 2024\" tabindex=\"0\">22 Nov 2024<\/a>\t\t\t<\/h4>\n<h6><strong>The 32nd BVMA Symposium will take place on November 22, 2024 at the Holiday Inn Munich &#8211; City Centre.<\/strong><\/h6>\n<hr \/>\n<p><strong>Germany as a study location &#8211; new impulses for clinical research<\/strong><\/p>\n<p><a href=\"https:\/\/www.cphi.com\/europe\/en\/home.html\">https:\/\/www.bvma.de\/en\/symposium\/current-symposium\/<\/a><\/p>\n\n\t\t\t\t\t\t<h4>\n\t\t\t\t<a href=\"https:\/\/www.hcsth.com\/test-event-1\/\" title=\"CPHI Frankfurt 2025\" tabindex=\"0\">CPHI Frankfurt 2025<\/a>\t\t\t<\/h4>\n<h4><strong>26 Oct 2025 &#8211; 30 Oct 202<\/strong>5<\/h4>\n<h6><strong>Messe Frankfurt<\/strong><\/h6>\n<hr \/>\n<p>Network across the entire global pharma supply chain. Connect with professionals to source opportunities and secure contracts<\/p>\n<p><a href=\"https:\/\/www.cphi.com\/europe\/en\/home.html\">https:\/\/www.cphi.com\/europe\/en\/home.html<\/a><\/p>\n\n\t<p><em>Unser Engagement und unsere Erfahrung in der pharmazeutischen Entwicklung machen uns zu Ihrem idealen Partner<\/em><\/p>\n\t\t\t<a href=\"https:\/\/www.hcsth.com\/history\/\" target=\"_self\" rel=\"noopener\">\n\t\t\t\t\t\t\tFIRMENGESCHICHTE\n\t\t\t\t\t<\/a>","protected":false},"excerpt":{"rendered":"<p>Partner of choice in pharmaceutical innovation Tailor-made solutions for your requirements in pharmaceutical development 22 Nov 2024 The 32nd BVMA Symposium will take place on November 22, 2024 at the Holiday Inn Munich &#8211; City Centre. Germany as a study location &#8211; new impulses for clinical research https:\/\/www.bvma.de\/en\/symposium\/current-symposium\/ CPHI Frankfurt 2025 26 Oct 2025 &#8211; [&hellip;]<\/p>","protected":false},"author":1,"featured_media":0,"parent":0,"menu_order":0,"comment_status":"closed","ping_status":"open","template":"","meta":{"site-sidebar-layout":"no-sidebar","site-content-layout":"page-builder","ast-site-content-layout":"default","site-content-style":"default","site-sidebar-style":"default","ast-global-header-display":"","ast-banner-title-visibility":"","ast-main-header-display":"","ast-hfb-above-header-display":"","ast-hfb-below-header-display":"","ast-hfb-mobile-header-display":"","site-post-title":"disabled","ast-breadcrumbs-content":"","ast-featured-img":"","footer-sml-layout":"","ast-disable-related-posts":"","theme-transparent-header-meta":"default","adv-header-id-meta":"","stick-header-meta":"default","header-above-stick-meta":"","header-main-stick-meta":"","header-below-stick-meta":"","astra-migrate-meta-layouts":"default","ast-page-background-enabled":"default","ast-page-background-meta":{"desktop":{"background-color":"","background-image":"","background-repeat":"repeat","background-position":"center center","background-size":"auto","background-attachment":"scroll","background-type":"","background-media":"","overlay-type":"","overlay-color":"","overlay-opacity":"","overlay-gradient":""},"tablet":{"background-color":"","background-image":"","background-repeat":"repeat","background-position":"center center","background-size":"auto","background-attachment":"scroll","background-type":"","background-media":"","overlay-type":"","overlay-color":"","overlay-opacity":"","overlay-gradient":""},"mobile":{"background-color":"","background-image":"","background-repeat":"repeat","background-position":"center center","background-size":"auto","background-attachment":"scroll","background-type":"","background-media":"","overlay-type":"","overlay-color":"","overlay-opacity":"","overlay-gradient":""}},"ast-content-background-meta":{"desktop":{"background-color":"var(--ast-global-color-5)","background-image":"","background-repeat":"repeat","background-position":"center center","background-size":"auto","background-attachment":"scroll","background-type":"","background-media":"","overlay-type":"","overlay-color":"","overlay-opacity":"","overlay-gradient":""},"tablet":{"background-color":"var(--ast-global-color-5)","background-image":"","background-repeat":"repeat","background-position":"center center","background-size":"auto","background-attachment":"scroll","background-type":"","background-media":"","overlay-type":"","overlay-color":"","overlay-opacity":"","overlay-gradient":""},"mobile":{"background-color":"var(--ast-global-color-5)","background-image":"","background-repeat":"repeat","background-position":"center center","background-size":"auto","background-attachment":"scroll","background-type":"","background-media":"","overlay-type":"","overlay-color":"","overlay-opacity":"","overlay-gradient":""}},"footnotes":""},"class_list":["post-2","page","type-page","status-publish","hentry"],"_links":{"self":[{"href":"https:\/\/www.hcsth.com\/de\/wp-json\/wp\/v2\/pages\/2","targetHints":{"allow":["GET"]}}],"collection":[{"href":"https:\/\/www.hcsth.com\/de\/wp-json\/wp\/v2\/pages"}],"about":[{"href":"https:\/\/www.hcsth.com\/de\/wp-json\/wp\/v2\/types\/page"}],"author":[{"embeddable":true,"href":"https:\/\/www.hcsth.com\/de\/wp-json\/wp\/v2\/users\/1"}],"replies":[{"embeddable":true,"href":"https:\/\/www.hcsth.com\/de\/wp-json\/wp\/v2\/comments?post=2"}],"version-history":[{"count":160,"href":"https:\/\/www.hcsth.com\/de\/wp-json\/wp\/v2\/pages\/2\/revisions"}],"predecessor-version":[{"id":3571,"href":"https:\/\/www.hcsth.com\/de\/wp-json\/wp\/v2\/pages\/2\/revisions\/3571"}],"wp:attachment":[{"href":"https:\/\/www.hcsth.com\/de\/wp-json\/wp\/v2\/media?parent=2"}],"curies":[{"name":"wp","href":"https:\/\/api.w.org\/{rel}","templated":true}]}}