{"id":2774,"date":"2021-04-15T11:54:46","date_gmt":"2021-04-15T11:54:46","guid":{"rendered":"https:\/\/www.hcsth.com\/?page_id=2774"},"modified":"2024-10-24T14:14:59","modified_gmt":"2024-10-24T12:14:59","slug":"companies-pharmimage","status":"publish","type":"page","link":"https:\/\/www.hcsth.com\/de\/companies-pharmimage\/","title":{"rendered":"companies pharmimage"},"content":{"rendered":"<img decoding=\"async\" src=\"https:\/\/www.hcsth.com\/wp-content\/uploads\/2021\/04\/PHARMIMAGE-LOGO.jpg\" alt=\"PHARMIMAGE LOGO\" itemprop=\"image\" height=\"193\" width=\"1063\" title=\"PHARMIMAGE LOGO\" onerror=\"this.style.display='none'\"  \/>\n\tTraining, publications, investment and special projects in clinical research. Support for pharmaceutical development with deep insights.\n<p>PharmImage began as a resource for internal training within a European CRO, establishing a tailor-made, module-based training plan. It soon became clear that the initial scheme could be expanded to an international level. Many employees at CROs and pharmaceutical companies come from life-science careers (biologists, chemists, laboratory medical staff, nurses, physicians, pharmacists etc.) with no previous experience in the development of pharmaceutical products. An introductory book was written for those with no knowledge of the branch and the series will be continued in other areas such as quality assurance, laboratory data, safety etc. Pharmimage also has developed interim management capabilities to support companies in phases of transition, where a new management structure needs to be implemented.<\/p>\n<h1>\n\t\tNeueste Publikationen\n\t<\/h1>\n\t\t\t\t<img decoding=\"async\" src=\"https:\/\/www.hcsth.com\/wp-content\/uploads\/2021\/04\/61BcFDdbREL.jpg\" alt=\"61BcFDdbREL\" itemprop=\"image\" height=\"1355\" width=\"1000\" title=\"61BcFDdbREL\" onerror=\"this.style.display='none'\"  \/>\n<h2>\n\t\tBest Practice for Clinical Monitoring\n\t<\/h2>\n\t<p>Dieses Buch ist interessant, bezahlbar und leicht zu verstehen. Es bietet Einsteigern und erfahrenen klinischen Mitarbeitern einen Wegweiser durch das Labyrinth der klinischen Forschung. Ein praxisnaher Einblick in klinische Studien und die spezifische Rolle des klinischen \u00dcberwachers. Mit seinen zahlreichen Beispielen aus der Praxis und hilfreichen Lektionen wird dieses Buch Sie in die Lage versetzen, Ihre Arbeit als klinischer Pr\u00fcfer bestm\u00f6glich und in \u00dcbereinstimmung mit den geltenden Normen auszuf\u00fchren.<\/p>\n\t\t\t<a href=\"https:\/\/www.amazon.de\/Best-Practice-Clinical-Monitoring-Gerald\/dp\/3862500012\/ref=monarch_sidesheet_title\" target=\"_blank\" rel=\"noopener\">\n\t\t\t\t\t\t\tJETZT BESTELLEN\n\t\t\t\t\t<\/a>","protected":false},"excerpt":{"rendered":"<p>Training, publications, investment and special projects in clinical research. Support for pharmaceutical development with deep insights. PharmImage began as a resource for internal training within a European CRO, establishing a tailor-made, module-based training plan. It soon became clear that the initial scheme could be expanded to an international level. Many employees at CROs and pharmaceutical [&hellip;]<\/p>","protected":false},"author":3,"featured_media":0,"parent":0,"menu_order":0,"comment_status":"closed","ping_status":"closed","template":"","meta":{"site-sidebar-layout":"no-sidebar","site-content-layout":"page-builder","ast-site-content-layout":"default","site-content-style":"default","site-sidebar-style":"default","ast-global-header-display":"","ast-banner-title-visibility":"","ast-main-header-display":"","ast-hfb-above-header-display":"","ast-hfb-below-header-display":"","ast-hfb-mobile-header-display":"","site-post-title":"disabled","ast-breadcrumbs-content":"","ast-featured-img":"disabled","footer-sml-layout":"","ast-disable-related-posts":"","theme-transparent-header-meta":"enabled","adv-header-id-meta":"","stick-header-meta":"default","header-above-stick-meta":"","header-main-stick-meta":"","header-below-stick-meta":"","astra-migrate-meta-layouts":"default","ast-page-background-enabled":"default","ast-page-background-meta":{"desktop":{"background-color":"","background-image":"","background-repeat":"repeat","background-position":"center center","background-size":"auto","background-attachment":"scroll","background-type":"","background-media":"","overlay-type":"","overlay-color":"","overlay-opacity":"","overlay-gradient":""},"tablet":{"background-color":"","background-image":"","background-repeat":"repeat","background-position":"center center","background-size":"auto","background-attachment":"scroll","background-type":"","background-media":"","overlay-type":"","overlay-color":"","overlay-opacity":"","overlay-gradient":""},"mobile":{"background-color":"","background-image":"","background-repeat":"repeat","background-position":"center center","background-size":"auto","background-attachment":"scroll","background-type":"","background-media":"","overlay-type":"","overlay-color":"","overlay-opacity":"","overlay-gradient":""}},"ast-content-background-meta":{"desktop":{"background-color":"var(--ast-global-color-5)","background-image":"","background-repeat":"repeat","background-position":"center center","background-size":"auto","background-attachment":"scroll","background-type":"","background-media":"","overlay-type":"","overlay-color":"","overlay-opacity":"","overlay-gradient":""},"tablet":{"background-color":"var(--ast-global-color-5)","background-image":"","background-repeat":"repeat","background-position":"center center","background-size":"auto","background-attachment":"scroll","background-type":"","background-media":"","overlay-type":"","overlay-color":"","overlay-opacity":"","overlay-gradient":""},"mobile":{"background-color":"var(--ast-global-color-5)","background-image":"","background-repeat":"repeat","background-position":"center center","background-size":"auto","background-attachment":"scroll","background-type":"","background-media":"","overlay-type":"","overlay-color":"","overlay-opacity":"","overlay-gradient":""}},"footnotes":""},"class_list":["post-2774","page","type-page","status-publish","hentry"],"_links":{"self":[{"href":"https:\/\/www.hcsth.com\/de\/wp-json\/wp\/v2\/pages\/2774","targetHints":{"allow":["GET"]}}],"collection":[{"href":"https:\/\/www.hcsth.com\/de\/wp-json\/wp\/v2\/pages"}],"about":[{"href":"https:\/\/www.hcsth.com\/de\/wp-json\/wp\/v2\/types\/page"}],"author":[{"embeddable":true,"href":"https:\/\/www.hcsth.com\/de\/wp-json\/wp\/v2\/users\/3"}],"replies":[{"embeddable":true,"href":"https:\/\/www.hcsth.com\/de\/wp-json\/wp\/v2\/comments?post=2774"}],"version-history":[{"count":27,"href":"https:\/\/www.hcsth.com\/de\/wp-json\/wp\/v2\/pages\/2774\/revisions"}],"predecessor-version":[{"id":3563,"href":"https:\/\/www.hcsth.com\/de\/wp-json\/wp\/v2\/pages\/2774\/revisions\/3563"}],"wp:attachment":[{"href":"https:\/\/www.hcsth.com\/de\/wp-json\/wp\/v2\/media?parent=2774"}],"curies":[{"name":"wp","href":"https:\/\/api.w.org\/{rel}","templated":true}]}}