{"id":2884,"date":"2021-04-20T10:32:36","date_gmt":"2021-04-20T10:32:36","guid":{"rendered":"https:\/\/www.hcsth.com\/?page_id=2884"},"modified":"2024-07-30T10:07:52","modified_gmt":"2024-07-30T08:07:52","slug":"history","status":"publish","type":"page","link":"https:\/\/www.hcsth.com\/de\/history\/","title":{"rendered":"Our History"},"content":{"rendered":"<h3>\n\t\t\t\tFIRMENGESCHICHTE\n\t\t\t<\/h3>\n\t\t\t<p>Jahrelange Erfahrung im Pharmagesch\u00e4ft machen uns zum besten Partner f\u00fcr Ihren Erfolg<\/p>\t\n<!-- If both -->\n\t<ul>\n\t\t\t\t<li>\n\t\t\t\t\t\t<!--date-->\n\t\t\t\t<!--Timeline-customcontent-->\n\t\t\t\t\t<p>2024<\/p>\n\t\t\t\t<!--\/.Timeline-customcontent-->\n\t\t\t<!--\/.date-->\n\t\t\t<!--icon-->\n\t\t\t<!--\/.icon-->\n\t\t\t<!--Timline-Content-->\n\t\t\t\t\t<!--Timline-Title-->\n\t\t\t\t\t\n\t\t\t\t\t<!--\/.Timline-Title-->\n\t\t\t\t\t<!--Timline-description-->\n\t\t\t\t\t<h4>Gr\u00fcndung der IDB01 GmbH<\/h4>\n\t\t\t\t\t<!--\/.Timline-description-->\n\t\t\t<!--\/.Timline-Content-->\n\t\t<\/li>\n\t\t\t\t<li>\n\t\t\t\t\t\t<!--date-->\n\t\t\t\t<!--Timeline-customcontent-->\n\t\t\t\t\t<p>2023<\/p>\n\t\t\t\t<!--\/.Timeline-customcontent-->\n\t\t\t<!--\/.date-->\n\t\t\t<!--icon-->\n\t\t\t<!--\/.icon-->\n\t\t\t<!--Timline-Content-->\n\t\t\t\t\t<!--Timline-Title-->\n\t\t\t\t\t\n\t\t\t\t\t<!--\/.Timline-Title-->\n\t\t\t\t\t<!--Timline-description-->\n\t\t\t\t\t<h4>Initiation of Clinical Trials in Crohn&#8217;s Diseases. Miura completes 4 M&amp;A deals.<\/h4>\n\t\t\t\t\t<!--\/.Timline-description-->\n\t\t\t<!--\/.Timline-Content-->\n\t\t<\/li>\n\t\t\t\t<li>\n\t\t\t\t\t\t<!--date-->\n\t\t\t\t<!--Timeline-customcontent-->\n\t\t\t\t\t<p>2022<\/p>\n\t\t\t\t<!--\/.Timeline-customcontent-->\n\t\t\t<!--\/.date-->\n\t\t\t<!--icon-->\n\t\t\t<!--\/.icon-->\n\t\t\t<!--Timline-Content-->\n\t\t\t\t\t<!--Timline-Title-->\n\t\t\t\t\t\n\t\t\t\t\t<!--\/.Timline-Title-->\n\t\t\t\t\t<!--Timline-description-->\n\t\t\t\t\t<h4>Identifizierung einer neuen Therapie f\u00fcr Psoriasis, IDEA er\u00f6ffnet ein neues B\u00fcro in Dublin.<\/h4>\n\t\t\t\t\t<!--\/.Timline-description-->\n\t\t\t<!--\/.Timline-Content-->\n\t\t<\/li>\n\t\t\t\t<li>\n\t\t\t\t\t\t<!--date-->\n\t\t\t\t<!--Timeline-customcontent-->\n\t\t\t\t\t<p>2021<\/p>\n\t\t\t\t<!--\/.Timeline-customcontent-->\n\t\t\t<!--\/.date-->\n\t\t\t<!--icon-->\n\t\t\t<!--\/.icon-->\n\t\t\t<!--Timline-Content-->\n\t\t\t\t\t<!--Timline-Title-->\n\t\t\t\t\t\n\t\t\t\t\t<!--\/.Timline-Title-->\n\t\t\t\t\t<!--Timline-description-->\n\t\t\t\t\t<h4>M&amp;A: CTC North und Interim Management sowie die Entwicklung einer neuen Behandlung f\u00fcr COVID.<\/h4>\n\t\t\t\t\t<!--\/.Timline-description-->\n\t\t\t<!--\/.Timline-Content-->\n\t\t<\/li>\n\t\t\t\t<li>\n\t\t\t\t\t\t<!--date-->\n\t\t\t\t<!--Timeline-customcontent-->\n\t\t\t\t\t<p>2020<\/p>\n\t\t\t\t<!--\/.Timeline-customcontent-->\n\t\t\t<!--\/.date-->\n\t\t\t<!--icon-->\n\t\t\t<!--\/.icon-->\n\t\t\t<!--Timline-Content-->\n\t\t\t\t\t<!--Timline-Title-->\n\t\t\t\t\t\n\t\t\t\t\t<!--\/.Timline-Title-->\n\t\t\t\t\t<!--Timline-description-->\n\t\t\t\t\t<h4>Gr\u00fcndung der Innovative Drugs Regulatory Europe GmbH (IDRE) in M\u00fcnchen, Deutschland<\/h4>\n\t\t\t\t\t<!--\/.Timline-description-->\n\t\t\t<!--\/.Timline-Content-->\n\t\t<\/li>\n\t\t\t\t<li>\n\t\t\t\t\t\t<!--date-->\n\t\t\t\t<!--Timeline-customcontent-->\n\t\t\t\t\t<p>2019<\/p>\n\t\t\t\t<!--\/.Timeline-customcontent-->\n\t\t\t<!--\/.date-->\n\t\t\t<!--icon-->\n\t\t\t<!--\/.icon-->\n\t\t\t<!--Timline-Content-->\n\t\t\t\t\t<!--Timline-Title-->\n\t\t\t\t\t\n\t\t\t\t\t<!--\/.Timline-Title-->\n\t\t\t\t\t<!--Timline-description-->\n\t\t\t\t\t<h4>Neue HCSTH-B\u00fcros in M\u00fcnchen, Deutschland<\/h4><h4>Gr\u00fcndung der Aresus Pharma GmbH in M\u00fcnchen, Deutschland<\/h4>\n\t\t\t\t\t<!--\/.Timline-description-->\n\t\t\t<!--\/.Timline-Content-->\n\t\t<\/li>\n\t\t\t\t<li>\n\t\t\t\t\t\t<!--date-->\n\t\t\t\t<!--Timeline-customcontent-->\n\t\t\t\t\t<p>2018<\/p>\n\t\t\t\t<!--\/.Timeline-customcontent-->\n\t\t\t<!--\/.date-->\n\t\t\t<!--icon-->\n\t\t\t<!--\/.icon-->\n\t\t\t<!--Timline-Content-->\n\t\t\t\t\t<!--Timline-Title-->\n\t\t\t\t\t\n\t\t\t\t\t<!--\/.Timline-Title-->\n\t\t\t\t\t<!--Timline-description-->\n\t\t\t\t\t<h4>Dr. Harrison wird in das Board of Directors der Rephine Ltd. in Stevenage, UK, berufen<\/h4><h4>Gr\u00fcndung der MIURA Corporate Finance GmbH in M\u00fcnchen, Deutschland und London, UK<\/h4><hr \/><h4>GXPAI wird in Rephine Ltd. integriert<\/h4>\n\t\t\t\t\t<!--\/.Timline-description-->\n\t\t\t<!--\/.Timline-Content-->\n\t\t<\/li>\n\t\t\t\t<li>\n\t\t\t\t\t\t<!--date-->\n\t\t\t\t<!--Timeline-customcontent-->\n\t\t\t\t\t<p>2017<\/p>\n\t\t\t\t<!--\/.Timeline-customcontent-->\n\t\t\t<!--\/.date-->\n\t\t\t<!--icon-->\n\t\t\t<!--\/.icon-->\n\t\t\t<!--Timline-Content-->\n\t\t\t\t\t<!--Timline-Title-->\n\t\t\t\t\t\n\t\t\t\t\t<!--\/.Timline-Title-->\n\t\t\t\t\t<!--Timline-description-->\n\t\t\t\t\t<h4>Gr\u00fcndung von HUREKA Resources in Uppsala, Schweden<\/h4><hr \/><h4>Integration aller verbundenen Unternehmen in die HCSTH GmbH<\/h4>\n\t\t\t\t\t<!--\/.Timline-description-->\n\t\t\t<!--\/.Timline-Content-->\n\t\t<\/li>\n\t\t\t\t<li>\n\t\t\t\t\t\t<!--date-->\n\t\t\t\t<!--Timeline-customcontent-->\n\t\t\t\t\t<p>2016<\/p>\n\t\t\t\t<!--\/.Timeline-customcontent-->\n\t\t\t<!--\/.date-->\n\t\t\t<!--icon-->\n\t\t\t<!--\/.icon-->\n\t\t\t<!--Timline-Content-->\n\t\t\t\t\t<!--Timline-Title-->\n\t\t\t\t\t\n\t\t\t\t\t<!--\/.Timline-Title-->\n\t\t\t\t\t<!--Timline-description-->\n\t\t\t\t\t<h4>Gr\u00fcndung der IstanDoc Pharmacovigilance in Istanbul, T\u00fcrkei<\/h4>\n\t\t\t\t\t<!--\/.Timline-description-->\n\t\t\t<!--\/.Timline-Content-->\n\t\t<\/li>\n\t\t\t\t<li>\n\t\t\t\t\t\t<!--date-->\n\t\t\t\t<!--Timeline-customcontent-->\n\t\t\t\t\t<p>2014<\/p>\n\t\t\t\t<!--\/.Timeline-customcontent-->\n\t\t\t<!--\/.date-->\n\t\t\t<!--icon-->\n\t\t\t<!--\/.icon-->\n\t\t\t<!--Timline-Content-->\n\t\t\t\t\t<!--Timline-Title-->\n\t\t\t\t\t\n\t\t\t\t\t<!--\/.Timline-Title-->\n\t\t\t\t\t<!--Timline-description-->\n\t\t\t\t\t<h4>Gr\u00fcndung der GXP Assurance International Ltd. (GXPAI)  in London, UK<\/h4>\n\t\t\t\t\t<!--\/.Timline-description-->\n\t\t\t<!--\/.Timline-Content-->\n\t\t<\/li>\n\t\t\t\t<li>\n\t\t\t\t\t\t<!--date-->\n\t\t\t\t<!--Timeline-customcontent-->\n\t\t\t\t\t<p>2013<\/p>\n\t\t\t\t<!--\/.Timeline-customcontent-->\n\t\t\t<!--\/.date-->\n\t\t\t<!--icon-->\n\t\t\t<!--\/.icon-->\n\t\t\t<!--Timline-Content-->\n\t\t\t\t\t<!--Timline-Title-->\n\t\t\t\t\t\n\t\t\t\t\t<!--\/.Timline-Title-->\n\t\t\t\t\t<!--Timline-description-->\n\t\t\t\t\t<h4>Gr\u00fcndung der Harrison CST Holding GmbH (HCSTH) in M\u00fcnchen, Deutschland<\/h4>\n\t\t\t\t\t<!--\/.Timline-description-->\n\t\t\t<!--\/.Timline-Content-->\n\t\t<\/li>\n\t\t\t\t<li>\n\t\t\t\t\t\t<!--date-->\n\t\t\t\t<!--Timeline-customcontent-->\n\t\t\t\t\t<p>2012<\/p>\n\t\t\t\t<!--\/.Timeline-customcontent-->\n\t\t\t<!--\/.date-->\n\t\t\t<!--icon-->\n\t\t\t<!--\/.icon-->\n\t\t\t<!--Timline-Content-->\n\t\t\t\t\t<!--Timline-Title-->\n\t\t\t\t\t\n\t\t\t\t\t<!--\/.Timline-Title-->\n\t\t\t\t\t<!--Timline-description-->\n\t\t\t\t\t<h4>Gr\u00fcndung der HCR Argentinien in Buenos Aires<\/h4><hr \/><h4>Verkauf von HCR an Synteract, Karlsbad, USA und Gr\u00fcndung der Synteract-HCR<\/h4>\n\t\t\t\t\t<!--\/.Timline-description-->\n\t\t\t<!--\/.Timline-Content-->\n\t\t<\/li>\n\t\t\t\t<li>\n\t\t\t\t\t\t<!--date-->\n\t\t\t\t<!--Timeline-customcontent-->\n\t\t\t\t\t<p>2011<\/p>\n\t\t\t\t<!--\/.Timeline-customcontent-->\n\t\t\t<!--\/.date-->\n\t\t\t<!--icon-->\n\t\t\t<!--\/.icon-->\n\t\t\t<!--Timline-Content-->\n\t\t\t\t\t<!--Timline-Title-->\n\t\t\t\t\t\n\t\t\t\t\t<!--\/.Timline-Title-->\n\t\t\t\t\t<!--Timline-description-->\n\t\t\t\t\t<h4>Gr\u00fcndung der HCR D\u00e4nemark in Glostrop\u00a0<\/h4><h4>Gr\u00fcndung der HCR Schweden in Stockholm<\/h4><hr \/><h4>\u00dcbernahme von CYCRON, D\u00e4nemark<\/h4>\n\t\t\t\t\t<!--\/.Timline-description-->\n\t\t\t<!--\/.Timline-Content-->\n\t\t<\/li>\n\t\t\t\t<li>\n\t\t\t\t\t\t<!--date-->\n\t\t\t\t<!--Timeline-customcontent-->\n\t\t\t\t\t<p>2010<\/p>\n\t\t\t\t<!--\/.Timeline-customcontent-->\n\t\t\t<!--\/.date-->\n\t\t\t<!--icon-->\n\t\t\t<!--\/.icon-->\n\t\t\t<!--Timline-Content-->\n\t\t\t\t\t<!--Timline-Title-->\n\t\t\t\t\t\n\t\t\t\t\t<!--\/.Timline-Title-->\n\t\t\t\t\t<!--Timline-description-->\n\t\t\t\t\t<h4>Gr\u00fcndung der GXP Engaged Auditing Services GmbH in M\u00fcnchen, Deutschland<\/h4><hr \/><h4>ECCRT-Schulungszentrum in Deutschland er\u00f6ffnet<\/h4><p>Die HCR wird Mitglied der AVOCA-Gruppe<\/p>\n\t\t\t\t\t<!--\/.Timline-description-->\n\t\t\t<!--\/.Timline-Content-->\n\t\t<\/li>\n\t\t\t\t<li>\n\t\t\t\t\t\t<!--date-->\n\t\t\t\t<!--Timeline-customcontent-->\n\t\t\t\t\t<p>2009<\/p>\n\t\t\t\t<!--\/.Timeline-customcontent-->\n\t\t\t<!--\/.date-->\n\t\t\t<!--icon-->\n\t\t\t<!--\/.icon-->\n\t\t\t<!--Timline-Content-->\n\t\t\t\t\t<!--Timline-Title-->\n\t\t\t\t\t\n\t\t\t\t\t<!--\/.Timline-Title-->\n\t\t\t\t\t<!--Timline-description-->\n\t\t\t\t\t<h4>ECCRT-Schulungszentrum in Italien er\u00f6ffnet<\/h4>\n\t\t\t\t\t<!--\/.Timline-description-->\n\t\t\t<!--\/.Timline-Content-->\n\t\t<\/li>\n\t\t\t\t<li>\n\t\t\t\t\t\t<!--date-->\n\t\t\t\t<!--Timeline-customcontent-->\n\t\t\t\t\t<p>2008<\/p>\n\t\t\t\t<!--\/.Timeline-customcontent-->\n\t\t\t<!--\/.date-->\n\t\t\t<!--icon-->\n\t\t\t<!--\/.icon-->\n\t\t\t<!--Timline-Content-->\n\t\t\t\t\t<!--Timline-Title-->\n\t\t\t\t\t\n\t\t\t\t\t<!--\/.Timline-Title-->\n\t\t\t\t\t<!--Timline-description-->\n\t\t\t\t\t<h4>Gr\u00fcndung der HCR USA in Princeton<\/h4><h4>Gr\u00fcndung der PharmImage GmbH in M\u00fcnchen, Deutschland<\/h4><hr \/><h4>Neue B\u00fcros in Br\u00fcssel, Belgien<\/h4><h4>Neues ECCRT-Geb\u00e4ude in Br\u00fcssel, Belgien<\/h4>\n\t\t\t\t\t<!--\/.Timline-description-->\n\t\t\t<!--\/.Timline-Content-->\n\t\t<\/li>\n\t\t\t\t<li>\n\t\t\t\t\t\t<!--date-->\n\t\t\t\t<!--Timeline-customcontent-->\n\t\t\t\t\t<p>2007<\/p>\n\t\t\t\t<!--\/.Timeline-customcontent-->\n\t\t\t<!--\/.date-->\n\t\t\t<!--icon-->\n\t\t\t<!--\/.icon-->\n\t\t\t<!--Timline-Content-->\n\t\t\t\t\t<!--Timline-Title-->\n\t\t\t\t\t\n\t\t\t\t\t<!--\/.Timline-Title-->\n\t\t\t\t\t<!--Timline-description-->\n\t\t\t\t\t<h4>Gr\u00fcndung der HCR Russland in Moskau<\/h4><h4>Gr\u00fcndung der HCR Polen in Warschau<\/h4><h4>Gr\u00fcndung der HCR Ukraine in Kiew<\/h4><hr \/><h4>Er\u00f6ffnung der HCR-Niederlassung in Ciampino, Italien<\/h4>\n\t\t\t\t\t<!--\/.Timline-description-->\n\t\t\t<!--\/.Timline-Content-->\n\t\t<\/li>\n\t\t\t\t<li>\n\t\t\t\t\t\t<!--date-->\n\t\t\t\t<!--Timeline-customcontent-->\n\t\t\t\t\t<p>2006<\/p>\n\t\t\t\t<!--\/.Timeline-customcontent-->\n\t\t\t<!--\/.date-->\n\t\t\t<!--icon-->\n\t\t\t<!--\/.icon-->\n\t\t\t<!--Timline-Content-->\n\t\t\t\t\t<!--Timline-Title-->\n\t\t\t\t\t\n\t\t\t\t\t<!--\/.Timline-Title-->\n\t\t\t\t\t<!--Timline-description-->\n\t\t\t\t\t<h4>Gr\u00fcndung der IDEA Ltd. in Cambridge, UK<\/h4><hr \/><h4>Neue B\u00fcros in M\u00fcnchen, neue Phase-I-Klinik mit 30 Betten und Abteilung f\u00fcr Ern\u00e4hrungsmedizin<\/h4>\n\t\t\t\t\t<!--\/.Timline-description-->\n\t\t\t<!--\/.Timline-Content-->\n\t\t<\/li>\n\t\t\t\t<li>\n\t\t\t\t\t\t<!--date-->\n\t\t\t\t<!--Timeline-customcontent-->\n\t\t\t\t\t<p>2005<\/p>\n\t\t\t\t<!--\/.Timeline-customcontent-->\n\t\t\t<!--\/.date-->\n\t\t\t<!--icon-->\n\t\t\t<!--\/.icon-->\n\t\t\t<!--Timline-Content-->\n\t\t\t\t\t<!--Timline-Title-->\n\t\t\t\t\t\n\t\t\t\t\t<!--\/.Timline-Title-->\n\t\t\t\t\t<!--Timline-description-->\n\t\t\t\t\t<h4>Gr\u00fcndung von Verius Regulatory Ltd. in Cambridge, UK<\/h4><hr \/><h4>Die HCR wird Mitglied von CDISC<\/h4>\n\t\t\t\t\t<!--\/.Timline-description-->\n\t\t\t<!--\/.Timline-Content-->\n\t\t<\/li>\n\t\t\t\t<li>\n\t\t\t\t\t\t<!--date-->\n\t\t\t\t<!--Timeline-customcontent-->\n\t\t\t\t\t<p>2004<\/p>\n\t\t\t\t<!--\/.Timeline-customcontent-->\n\t\t\t<!--\/.date-->\n\t\t\t<!--icon-->\n\t\t\t<!--\/.icon-->\n\t\t\t<!--Timline-Content-->\n\t\t\t\t\t<!--Timline-Title-->\n\t\t\t\t\t\n\t\t\t\t\t<!--\/.Timline-Title-->\n\t\t\t\t\t<!--Timline-description-->\n\t\t\t\t\t<h4>Gr\u00fcndung der HCR Osteuropa in Wien, \u00d6sterreich<\/h4>\n\t\t\t\t\t<!--\/.Timline-description-->\n\t\t\t<!--\/.Timline-Content-->\n\t\t<\/li>\n\t\t\t\t<li>\n\t\t\t\t\t\t<!--date-->\n\t\t\t\t<!--Timeline-customcontent-->\n\t\t\t\t\t<p>2002<\/p>\n\t\t\t\t<!--\/.Timeline-customcontent-->\n\t\t\t<!--\/.date-->\n\t\t\t<!--icon-->\n\t\t\t<!--\/.icon-->\n\t\t\t<!--Timline-Content-->\n\t\t\t\t\t<!--Timline-Title-->\n\t\t\t\t\t\n\t\t\t\t\t<!--\/.Timline-Title-->\n\t\t\t\t\t<!--Timline-description-->\n\t\t\t\t\t<h4>Gr\u00fcndung der HCR Italien in Mailand<\/h4>\n\t\t\t\t\t<!--\/.Timline-description-->\n\t\t\t<!--\/.Timline-Content-->\n\t\t<\/li>\n\t\t\t\t<li>\n\t\t\t\t\t\t<!--date-->\n\t\t\t\t<!--Timeline-customcontent-->\n\t\t\t\t\t<p>2000<\/p>\n\t\t\t\t<!--\/.Timeline-customcontent-->\n\t\t\t<!--\/.date-->\n\t\t\t<!--icon-->\n\t\t\t<!--\/.icon-->\n\t\t\t<!--Timline-Content-->\n\t\t\t\t\t<!--Timline-Title-->\n\t\t\t\t\t\n\t\t\t\t\t<!--\/.Timline-Title-->\n\t\t\t\t\t<!--Timline-description-->\n\t\t\t\t\t<h4>Gr\u00fcndung der HCR Spanien in Barcelona<\/h4><h5>Gr\u00fcndung der HCR Frankreich in Franconville<\/h5><hr \/><h4>Gr\u00fcndung des Europ\u00e4ischen Zentrums f\u00fcr die Ausbildung in der klinischen Forschung (ECCRT)<\/h4>\n\t\t\t\t\t<!--\/.Timline-description-->\n\t\t\t<!--\/.Timline-Content-->\n\t\t<\/li>\n\t\t\t\t<li>\n\t\t\t\t\t\t<!--date-->\n\t\t\t\t<!--Timeline-customcontent-->\n\t\t\t\t\t<p>1998<\/p>\n\t\t\t\t<!--\/.Timeline-customcontent-->\n\t\t\t<!--\/.date-->\n\t\t\t<!--icon-->\n\t\t\t<!--\/.icon-->\n\t\t\t<!--Timline-Content-->\n\t\t\t\t\t<!--Timline-Title-->\n\t\t\t\t\t\n\t\t\t\t\t<!--\/.Timline-Title-->\n\t\t\t\t\t<!--Timline-description-->\n\t\t\t\t\t<h4>Gr\u00fcndung der HCR Israel in Rehovot<\/h4><hr \/><h4>ISO 9001 Zertifizierung<\/h4>\n\t\t\t\t\t<!--\/.Timline-description-->\n\t\t\t<!--\/.Timline-Content-->\n\t\t<\/li>\n\t\t\t\t<li>\n\t\t\t\t\t\t<!--date-->\n\t\t\t\t<!--Timeline-customcontent-->\n\t\t\t\t\t<p>1996<\/p>\n\t\t\t\t<!--\/.Timeline-customcontent-->\n\t\t\t<!--\/.date-->\n\t\t\t<!--icon-->\n\t\t\t<!--\/.icon-->\n\t\t\t<!--Timline-Content-->\n\t\t\t\t\t<!--Timline-Title-->\n\t\t\t\t\t\n\t\t\t\t\t<!--\/.Timline-Title-->\n\t\t\t\t\t<!--Timline-description-->\n\t\t\t\t\t<h4>Gr\u00fcndung der HCR Belgien in Br\u00fcssel<\/h4>\n\t\t\t\t\t<!--\/.Timline-description-->\n\t\t\t<!--\/.Timline-Content-->\n\t\t<\/li>\n\t\t\t\t<li>\n\t\t\t\t\t\t<!--date-->\n\t\t\t\t<!--Timeline-customcontent-->\n\t\t\t\t\t<p>1991<\/p>\n\t\t\t\t<!--\/.Timeline-customcontent-->\n\t\t\t<!--\/.date-->\n\t\t\t<!--icon-->\n\t\t\t<!--\/.icon-->\n\t\t\t<!--Timline-Content-->\n\t\t\t\t\t<!--Timline-Title-->\n\t\t\t\t\t\n\t\t\t\t\t<!--\/.Timline-Title-->\n\t\t\t\t\t<!--Timline-description-->\n\t\t\t\t\t<h4>Gr\u00fcndung der HCR UK in Ely<\/h4>\n\t\t\t\t\t<!--\/.Timline-description-->\n\t\t\t<!--\/.Timline-Content-->\n\t\t<\/li>\n\t\t\t\t<li>\n\t\t\t\t\t\t<!--date-->\n\t\t\t\t<!--Timeline-customcontent-->\n\t\t\t\t\t<p>1990<\/p>\n\t\t\t\t<!--\/.Timeline-customcontent-->\n\t\t\t<!--\/.date-->\n\t\t\t<!--icon-->\n\t\t\t<!--\/.icon-->\n\t\t\t<!--Timline-Content-->\n\t\t\t\t\t<!--Timline-Title-->\n\t\t\t\t\t\n\t\t\t\t\t<!--\/.Timline-Title-->\n\t\t\t\t\t<!--Timline-description-->\n\t\t\t\t\t<h4>Er\u00f6ffnung der Klinischen Pharmakologie (Phase I) mit 6 Betten in M\u00fcnchen, Deutschland<\/h4>\n\t\t\t\t\t<!--\/.Timline-description-->\n\t\t\t<!--\/.Timline-Content-->\n\t\t<\/li>\n\t\t\t\t<li>\n\t\t\t\t\t\t<!--date-->\n\t\t\t\t<!--Timeline-customcontent-->\n\t\t\t\t\t<p>1989<\/p>\n\t\t\t\t<!--\/.Timeline-customcontent-->\n\t\t\t<!--\/.date-->\n\t\t\t<!--icon-->\n\t\t\t<!--\/.icon-->\n\t\t\t<!--Timline-Content-->\n\t\t\t\t\t<!--Timline-Title-->\n\t\t\t\t\t\n\t\t\t\t\t<!--\/.Timline-Title-->\n\t\t\t\t\t<!--Timline-description-->\n\t\t\t\t\t<h4>Gr\u00fcndung der Harrison Clinical Research GmbH (HCR) in M\u00fcnchen, Deutschland<\/h4>\n\t\t\t\t\t<!--\/.Timline-description-->\n\t\t\t<!--\/.Timline-Content-->\n\t\t<\/li>\n\t\t\t\t<li>\n\t\t\t\t\t\t<!--date-->\n\t\t\t\t<!--Timeline-customcontent-->\n\t\t\t\t\t<p>1987<\/p>\n\t\t\t\t<!--\/.Timeline-customcontent-->\n\t\t\t<!--\/.date-->\n\t\t\t<!--icon-->\n\t\t\t<!--\/.icon-->\n\t\t\t<!--Timline-Content-->\n\t\t\t\t\t<!--Timline-Title-->\n\t\t\t\t\t\n\t\t\t\t\t<!--\/.Timline-Title-->\n\t\t\t\t\t<!--Timline-description-->\n\t\t\t\t\t<h4>Dr. Francisco Harrison gr\u00fcndet sein pharmazeutisches Beratungsunternehmen in M\u00fcnchen, Deutschland<\/h4>\n\t\t\t\t\t<!--\/.Timline-description-->\n\t\t\t<!--\/.Timline-Content-->\n\t\t<\/li>\n\t\t\t<\/ul>","protected":false},"excerpt":{"rendered":"<p>OUR HISTORY Years of experience in the pharmaceutical business make us the best partner for your success 2024 Creation of IDB01 GmbH 2023 Initiation of Clinical Trials in Crohn&#8217;s Diseases. Miura completes 4 M&amp;A deals. 2022 Identification of a new therapy for Psoriasis, IDEA opens a new office in Dublin. 2021 M&amp;A: CTC North and [&hellip;]<\/p>","protected":false},"author":3,"featured_media":0,"parent":0,"menu_order":0,"comment_status":"closed","ping_status":"closed","template":"","meta":{"site-sidebar-layout":"no-sidebar","site-content-layout":"page-builder","ast-site-content-layout":"default","site-content-style":"default","site-sidebar-style":"default","ast-global-header-display":"","ast-banner-title-visibility":"","ast-main-header-display":"","ast-hfb-above-header-display":"","ast-hfb-below-header-display":"","ast-hfb-mobile-header-display":"","site-post-title":"disabled","ast-breadcrumbs-content":"","ast-featured-img":"disabled","footer-sml-layout":"","ast-disable-related-posts":"","theme-transparent-header-meta":"enabled","adv-header-id-meta":"","stick-header-meta":"default","header-above-stick-meta":"","header-main-stick-meta":"","header-below-stick-meta":"","astra-migrate-meta-layouts":"default","ast-page-background-enabled":"default","ast-page-background-meta":{"desktop":{"background-color":"","background-image":"","background-repeat":"repeat","background-position":"center center","background-size":"auto","background-attachment":"scroll","background-type":"","background-media":"","overlay-type":"","overlay-color":"","overlay-opacity":"","overlay-gradient":""},"tablet":{"background-color":"","background-image":"","background-repeat":"repeat","background-position":"center center","background-size":"auto","background-attachment":"scroll","background-type":"","background-media":"","overlay-type":"","overlay-color":"","overlay-opacity":"","overlay-gradient":""},"mobile":{"background-color":"","background-image":"","background-repeat":"repeat","background-position":"center center","background-size":"auto","background-attachment":"scroll","background-type":"","background-media":"","overlay-type":"","overlay-color":"","overlay-opacity":"","overlay-gradient":""}},"ast-content-background-meta":{"desktop":{"background-color":"var(--ast-global-color-5)","background-image":"","background-repeat":"repeat","background-position":"center center","background-size":"auto","background-attachment":"scroll","background-type":"","background-media":"","overlay-type":"","overlay-color":"","overlay-opacity":"","overlay-gradient":""},"tablet":{"background-color":"var(--ast-global-color-5)","background-image":"","background-repeat":"repeat","background-position":"center center","background-size":"auto","background-attachment":"scroll","background-type":"","background-media":"","overlay-type":"","overlay-color":"","overlay-opacity":"","overlay-gradient":""},"mobile":{"background-color":"var(--ast-global-color-5)","background-image":"","background-repeat":"repeat","background-position":"center center","background-size":"auto","background-attachment":"scroll","background-type":"","background-media":"","overlay-type":"","overlay-color":"","overlay-opacity":"","overlay-gradient":""}},"footnotes":""},"class_list":["post-2884","page","type-page","status-publish","hentry"],"_links":{"self":[{"href":"https:\/\/www.hcsth.com\/de\/wp-json\/wp\/v2\/pages\/2884","targetHints":{"allow":["GET"]}}],"collection":[{"href":"https:\/\/www.hcsth.com\/de\/wp-json\/wp\/v2\/pages"}],"about":[{"href":"https:\/\/www.hcsth.com\/de\/wp-json\/wp\/v2\/types\/page"}],"author":[{"embeddable":true,"href":"https:\/\/www.hcsth.com\/de\/wp-json\/wp\/v2\/users\/3"}],"replies":[{"embeddable":true,"href":"https:\/\/www.hcsth.com\/de\/wp-json\/wp\/v2\/comments?post=2884"}],"version-history":[{"count":48,"href":"https:\/\/www.hcsth.com\/de\/wp-json\/wp\/v2\/pages\/2884\/revisions"}],"predecessor-version":[{"id":3449,"href":"https:\/\/www.hcsth.com\/de\/wp-json\/wp\/v2\/pages\/2884\/revisions\/3449"}],"wp:attachment":[{"href":"https:\/\/www.hcsth.com\/de\/wp-json\/wp\/v2\/media?parent=2884"}],"curies":[{"name":"wp","href":"https:\/\/api.w.org\/{rel}","templated":true}]}}