{"id":2974,"date":"2021-04-21T10:38:42","date_gmt":"2021-04-21T10:38:42","guid":{"rendered":"https:\/\/www.hcsth.com\/?page_id=2974"},"modified":"2024-09-30T13:30:08","modified_gmt":"2024-09-30T11:30:08","slug":"companies-idre","status":"publish","type":"page","link":"https:\/\/www.hcsth.com\/de\/companies-idre\/","title":{"rendered":"companies idre"},"content":{"rendered":"<img decoding=\"async\" src=\"https:\/\/www.hcsth.com\/wp-content\/uploads\/2021\/04\/IDREMED.png\" alt=\"IDREMED\" itemprop=\"image\" height=\"379\" width=\"1600\" title=\"IDREMED\" onerror=\"this.style.display='none'\"  \/>\n\t<p>Unterst\u00fctzung der klinischen Entwicklung und der Zulassungsstrategie auf h\u00f6chstem Niveau<\/p>\n\tIDRE ist ein Beratungsunternehmen, das sich der Unterst\u00fctzung der globalen Entwicklung neuer pharmazeutischer, biotechnologischer und medizintechnischer Produkte widmet. Unser Netzwerk aus spezialisierten Beratern und Partnern erstreckt sich \u00fcber den gesamten Globus, darunter KOLs und Experten f\u00fcr die meisten klinischen Indikationen. Unser Team konzentriert sich auf die Bewertung von Produkten, die Erstellung von Entwicklungspl\u00e4nen und\/oder die Durchf\u00fchrung von Forschung \u00fcber alle klinischen Phasen hinweg.\n<h2>\n\t\tFrequently Asked Questions\n\t<\/h2>\n\t\t\t\t\t\t<h4>Wie kann IDRE die Entwicklung meines Produkts unterst\u00fctzen?<\/h4>\n\t\t\t<p>IDRE is a global network of R&amp;D professionals with years of experience in the development of pharmaceutical and biotechnology products. Our approach\u00a0to development is tailor made and makes the best use of the resources available, focusing on the product, its profile, and future use. This international approach allows companies of all sizes to benefit from the experience and knowledge of specialists worldwide, all working within the same entity.<\/p>\n\t\t\t\t\t\t<h4>Unterst\u00fctzt die eingesetzte Technologie unsere klinische Studie richtig?<\/h4>\n\t\t\t<p>As the world progresses to a more digitalised area, clinical trials are being driven by adopting new technologies. We bring together a collection of skilled and qualified professionals who have recognised expertise in specialised fields, including data management, virtual trials, and digital devices for trial participants.<\/p>\n\t\t\t\t\t\t<h4>How do I identify the best KOL and why do I need one?<\/h4>\n\t\t\t<p>Key Oppinion Leaders are usually specialists in their clinical area and\/or academic researchers prominent in their field. They can be a significant asset, able to contribute expertise about the trial and underlying factors and conditions of an illness. They can also encourage other investigators to onboard, and from the sponsor&#8217;s perspective, this may help lead to faster adoption of prescribing a new drug. IDRE has access to experts and opinion leaders worldwide, thanks to many years of experience in the medical and pharmaceutical development field.<\/p>\n\t\t\t\t\t\t<h4>Wie w\u00fcrde IDRE ein CRO ausw\u00e4hlen und wie kann ich davon profitieren?<\/h4>\n\t\t\t<p>Selecting a CRO for you to partner with is a critical decision. The management of IDRE is well aware of the issues involved when changing a CRO once a project has been initiated. On many occasions, IDRE has had to support sponsors in such changes and rescue trials, especially when the sponsor was foreign to the study locations. IDRE selects CROs based on their experience, service portfolio, financial stability, infrastructure, processes, systems, transparency, values, access to sites and patients, collaborative partnership and real-time responsiveness.<\/p>\n\t\t\t\t\t\t<h4>Wie k\u00f6nnen wir alle regulatorischen H\u00fcrden und Prozesse in den f\u00fcr die Studien ausgew\u00e4hlten L\u00e4ndern managen?<\/h4>\n\t\t\t<p>We have regulatory experts around the world, all of whom implement risk-based interventions, verifying compliance with standard operating procedures, guidelines and protocol requirements, as well as providing audit and inspection support. In addition, they know and understand the nuances of regulatory affairs in their given countries, ensuring communications between sponsors and regulatory authorities are as seamless as possible.<\/p>\n\t\t\t<a href=\"https:\/\/www.idremed.com\" target=\"_blank\" rel=\"noopener\">\n\t\t\t\t\t\t\tWEITER ZU IDRE\n\t\t\t\t\t<\/a>","protected":false},"excerpt":{"rendered":"<p>High-level clinical development and regulatory strategy support IDRE is an advisory company devoted to supporting the global development of new pharmaceutical, biotechnology and medical device products. Our network of specialist advisors and partners spans the globe, including KOLs and experts in most clinical indications. Our team focuses on evaluating products, preparing development plans and\/or conducting [&hellip;]<\/p>","protected":false},"author":3,"featured_media":0,"parent":0,"menu_order":0,"comment_status":"closed","ping_status":"closed","template":"","meta":{"site-sidebar-layout":"no-sidebar","site-content-layout":"page-builder","ast-site-content-layout":"default","site-content-style":"default","site-sidebar-style":"default","ast-global-header-display":"","ast-banner-title-visibility":"","ast-main-header-display":"","ast-hfb-above-header-display":"","ast-hfb-below-header-display":"","ast-hfb-mobile-header-display":"","site-post-title":"disabled","ast-breadcrumbs-content":"","ast-featured-img":"disabled","footer-sml-layout":"","ast-disable-related-posts":"","theme-transparent-header-meta":"enabled","adv-header-id-meta":"","stick-header-meta":"default","header-above-stick-meta":"","header-main-stick-meta":"","header-below-stick-meta":"","astra-migrate-meta-layouts":"default","ast-page-background-enabled":"default","ast-page-background-meta":{"desktop":{"background-color":"","background-image":"","background-repeat":"repeat","background-position":"center center","background-size":"auto","background-attachment":"scroll","background-type":"","background-media":"","overlay-type":"","overlay-color":"","overlay-opacity":"","overlay-gradient":""},"tablet":{"background-color":"","background-image":"","background-repeat":"repeat","background-position":"center center","background-size":"auto","background-attachment":"scroll","background-type":"","background-media":"","overlay-type":"","overlay-color":"","overlay-opacity":"","overlay-gradient":""},"mobile":{"background-color":"","background-image":"","background-repeat":"repeat","background-position":"center center","background-size":"auto","background-attachment":"scroll","background-type":"","background-media":"","overlay-type":"","overlay-color":"","overlay-opacity":"","overlay-gradient":""}},"ast-content-background-meta":{"desktop":{"background-color":"var(--ast-global-color-5)","background-image":"","background-repeat":"repeat","background-position":"center center","background-size":"auto","background-attachment":"scroll","background-type":"","background-media":"","overlay-type":"","overlay-color":"","overlay-opacity":"","overlay-gradient":""},"tablet":{"background-color":"var(--ast-global-color-5)","background-image":"","background-repeat":"repeat","background-position":"center center","background-size":"auto","background-attachment":"scroll","background-type":"","background-media":"","overlay-type":"","overlay-color":"","overlay-opacity":"","overlay-gradient":""},"mobile":{"background-color":"var(--ast-global-color-5)","background-image":"","background-repeat":"repeat","background-position":"center center","background-size":"auto","background-attachment":"scroll","background-type":"","background-media":"","overlay-type":"","overlay-color":"","overlay-opacity":"","overlay-gradient":""}},"footnotes":""},"class_list":["post-2974","page","type-page","status-publish","hentry"],"_links":{"self":[{"href":"https:\/\/www.hcsth.com\/de\/wp-json\/wp\/v2\/pages\/2974","targetHints":{"allow":["GET"]}}],"collection":[{"href":"https:\/\/www.hcsth.com\/de\/wp-json\/wp\/v2\/pages"}],"about":[{"href":"https:\/\/www.hcsth.com\/de\/wp-json\/wp\/v2\/types\/page"}],"author":[{"embeddable":true,"href":"https:\/\/www.hcsth.com\/de\/wp-json\/wp\/v2\/users\/3"}],"replies":[{"embeddable":true,"href":"https:\/\/www.hcsth.com\/de\/wp-json\/wp\/v2\/comments?post=2974"}],"version-history":[{"count":29,"href":"https:\/\/www.hcsth.com\/de\/wp-json\/wp\/v2\/pages\/2974\/revisions"}],"predecessor-version":[{"id":3503,"href":"https:\/\/www.hcsth.com\/de\/wp-json\/wp\/v2\/pages\/2974\/revisions\/3503"}],"wp:attachment":[{"href":"https:\/\/www.hcsth.com\/de\/wp-json\/wp\/v2\/media?parent=2974"}],"curies":[{"name":"wp","href":"https:\/\/api.w.org\/{rel}","templated":true}]}}